{"id":128,"date":"2022-04-21T12:32:49","date_gmt":"2022-04-21T10:32:49","guid":{"rendered":"http:\/\/www.jysm.dk:8080\/?page_id=128"},"modified":"2022-04-21T12:34:37","modified_gmt":"2022-04-21T10:34:37","slug":"vinter-saeson-teknik-aften-onsdage","status":"publish","type":"page","link":"https:\/\/www.jysm.dk\/?page_id=128","title":{"rendered":"Tema"},"content":{"rendered":"\n<p><strong>Vinter s\u00e6son &#8211; Teknik aften onsdage<\/strong><\/p>\n\n\n\n<p>N\u00e5r det er koldt og b\u00e5dene st\u00e5r i deres stativer og afventer varmere tider, starter vores teknikaftner hvor vi m\u00f8des hver onsdag og l\u00f8ser alverdens maritime problemer&#8230; samtidig drikker vi lidt kaffe og spiser m\u00e5ske lidt kage.  <\/p>\n\n\n\n<p>F\u00f8lgende temaer kunne t\u00e6nkes at blive behandlet p\u00e5 temaaftener i JSM vinters\u00e6sonen.<\/p>\n\n\n\n<ul class=\"wp-block-list\"><li>VHF Radioen<\/li><li>Kortplotter og integration til netv\u00e6rk<\/li><li>Vi syr ting til b\u00e5den<\/li><li>El ombord<\/li><li>Digital billedbehandling<\/li><\/ul>\n\n\n\n<p><strong>VHF Radioen:<\/strong><\/p>\n\n\n\n<p>Tag din radio med &#8211; hvis du alligevel har den ude af b\u00e5den.<\/p>\n\n\n\n<p>P\u00e5 denne aften f\u00e5r vi mulighed for at kigge lidt p\u00e5 VHF radioen i al almindelighed og lidt p\u00e5 DSC radioen og de (nye) muligheder i forhold til den almindelige VHF radio. Hvordan tjekker jeg om min installation i b\u00e5den virker og hvilke signaler skal bruges til en DSC radio. Hvad betyder DSC, hvad er MMSI og hvordan benytter man en DSC radio? Er det muligt at benytte en DSC radio selv om jeg ikke har et SRC bevis? Hvad er en AIS modtager? Ja, der kan v\u00e6re mange sp\u00f8rgsm\u00e5l, som m\u00e5ske bevirker, at vi ikke f\u00e5r brugt radioen mere end vi g\u00f8r i dag. Vi vil fors\u00f8ge at etablere en demonstration af en DSC radio og hvis du har din egen radio med kan vi pr\u00f8ve at lave opkald mellem flere radioer.<\/p>\n\n\n\n<p><strong>Digital billedbehandling:<\/strong><\/p>\n\n\n\n<p>Vi f\u00e5r jo alle sammen tage en m\u00e6ngde billeder som ofte ikke er helt perfekte med hensyn til farver, blitz og alt det der. Det kunne v\u00e6re rart lige at justere lidt p\u00e5 billederne. Det beh\u00f8ver ikke hverken v\u00e6re sv\u00e6rt eller koste mange penge. Der er flere &#8216;freeware programmer&#8217; som er gratis at benytte og vi kan kigge lidt p\u00e5 diverse funktioner til at justere billeder. Vi kan kigge p\u00e5 Google&#8217;s Picasa 3.9 og m\u00e5ske &#8211; for de mere avancerede &#8211; kan vi kigge p\u00e5 GIMP 2.8.10. Hvis man vil lave videoer og redigere i dem kan man benytte Windows MovieMaker. Vi kigger lige p\u00e5 de simple funktioner i programmet og hvordan man laver et lysbilledehow. Det er ikke sikkert, at alle sp\u00f8rgsm\u00e5l kan besvares, men i f\u00e6llesskab kan vi jo fors\u00f8ge at lege med tingene.<\/p>\n\n\n\n<p>Datoer for temaaftener forventes at blive meldt ud via hjemmesiden og Facebook-JSMteknikgruppe.<\/p>\n\n\n\n<p><em>Har du id\u00e9er til andre emner s\u00e5 meld tilbage.<\/em><\/p>\n","protected":false},"excerpt":{"rendered":"<p>Vinter s\u00e6son &#8211; Teknik aften onsdage N\u00e5r det er koldt og b\u00e5dene st\u00e5r i deres stativer og afventer varmere tider, starter vores teknikaftner hvor vi m\u00f8des hver onsdag og l\u00f8ser alverdens maritime problemer&#8230; samtidig drikker vi lidt kaffe og spiser m\u00e5ske lidt kage. F\u00f8lgende temaer kunne t\u00e6nkes at blive behandlet p\u00e5 temaaftener i JSM vinters\u00e6sonen. [&hellip;]<\/p>\n","protected":false},"author":1,"featured_media":0,"parent":0,"menu_order":0,"comment_status":"closed","ping_status":"closed","template":"","meta":{"footnotes":""},"class_list":["post-128","page","type-page","status-publish","hentry"],"_links":{"self":[{"href":"https:\/\/www.jysm.dk\/index.php?rest_route=\/wp\/v2\/pages\/128","targetHints":{"allow":["GET"]}}],"collection":[{"href":"https:\/\/www.jysm.dk\/index.php?rest_route=\/wp\/v2\/pages"}],"about":[{"href":"https:\/\/www.jysm.dk\/index.php?rest_route=\/wp\/v2\/types\/page"}],"author":[{"embeddable":true,"href":"https:\/\/www.jysm.dk\/index.php?rest_route=\/wp\/v2\/users\/1"}],"replies":[{"embeddable":true,"href":"https:\/\/www.jysm.dk\/index.php?rest_route=%2Fwp%2Fv2%2Fcomments&post=128"}],"version-history":[{"count":2,"href":"https:\/\/www.jysm.dk\/index.php?rest_route=\/wp\/v2\/pages\/128\/revisions"}],"predecessor-version":[{"id":131,"href":"https:\/\/www.jysm.dk\/index.php?rest_route=\/wp\/v2\/pages\/128\/revisions\/131"}],"wp:attachment":[{"href":"https:\/\/www.jysm.dk\/index.php?rest_route=%2Fwp%2Fv2%2Fmedia&parent=128"}],"curies":[{"name":"wp","href":"https:\/\/api.w.org\/{rel}","templated":true}]}}