{"id":134,"date":"2022-04-21T12:47:27","date_gmt":"2022-04-21T10:47:27","guid":{"rendered":"http:\/\/www.jysm.dk:8080\/?page_id=134"},"modified":"2025-10-15T06:55:43","modified_gmt":"2025-10-15T04:55:43","slug":"bestyrelsen","status":"publish","type":"page","link":"https:\/\/www.jysm.dk\/?page_id=134","title":{"rendered":"Bestyrelsen"},"content":{"rendered":"\n<p><strong>Bestyrelsen:<br>&nbsp;<\/strong><\/p>\n\n\n\n<figure class=\"wp-block-table is-style-stripes\"><table><tbody><tr><td><strong>Formand:<\/strong> <br>Henrik Marcussen <br>Plutovej 15 <br>4040 Jyllinge <br>Mobil 29 72 32 22<\/td><td><strong>Bestyrelsesmedlem:<\/strong> <br>Hans Gilbro <br>Skovvej 4 <br>3650 \u00d8lstykke <br><\/td><\/tr><tr><td><strong>N\u00e6stformand:<\/strong> <br>Bo Steffensen <br>Gulnarevej 15 <br>3660 Stenl\u00f8se <br><\/td><td><strong>Suppleanter:<\/strong> <br>Morten Norrman<\/td><\/tr><tr><td><strong>Kasserer:<\/strong> <br>Kjel Petersen <br><br>3000 Helsing\u00f8r<br><\/td><td><strong>Revisor:<\/strong> <br>Frank Pedersen<\/td><\/tr><tr><td><strong>Sekret\u00e6r:<\/strong> <br>Bent Jensen <br>Neptunvej 1 <br>4040 Jyllinge <br><\/td><td><strong>Revisor suppleant:<\/strong> <br>Kirsten Madsen<\/td><\/tr><\/tbody><\/table><\/figure>\n\n\n\n<p><strong>Klubbens emailadresse:<\/strong><\/p>\n\n\n\n<p>jsm.mail@hotmail.com<\/p>\n","protected":false},"excerpt":{"rendered":"<p>Bestyrelsen:&nbsp; Formand: Henrik Marcussen Plutovej 15 4040 Jyllinge Mobil 29 72 32 22 Bestyrelsesmedlem: Hans Gilbro Skovvej 4 3650 \u00d8lstykke N\u00e6stformand: Bo Steffensen Gulnarevej 15 3660 Stenl\u00f8se Suppleanter: Morten Norrman Kasserer: Kjel Petersen 3000 Helsing\u00f8r Revisor: Frank Pedersen Sekret\u00e6r: Bent Jensen Neptunvej 1 4040 Jyllinge Revisor suppleant: Kirsten Madsen Klubbens emailadresse: jsm.mail@hotmail.com<\/p>\n","protected":false},"author":1,"featured_media":0,"parent":0,"menu_order":0,"comment_status":"closed","ping_status":"closed","template":"","meta":{"footnotes":""},"class_list":["post-134","page","type-page","status-publish","hentry"],"_links":{"self":[{"href":"https:\/\/www.jysm.dk\/index.php?rest_route=\/wp\/v2\/pages\/134","targetHints":{"allow":["GET"]}}],"collection":[{"href":"https:\/\/www.jysm.dk\/index.php?rest_route=\/wp\/v2\/pages"}],"about":[{"href":"https:\/\/www.jysm.dk\/index.php?rest_route=\/wp\/v2\/types\/page"}],"author":[{"embeddable":true,"href":"https:\/\/www.jysm.dk\/index.php?rest_route=\/wp\/v2\/users\/1"}],"replies":[{"embeddable":true,"href":"https:\/\/www.jysm.dk\/index.php?rest_route=%2Fwp%2Fv2%2Fcomments&post=134"}],"version-history":[{"count":8,"href":"https:\/\/www.jysm.dk\/index.php?rest_route=\/wp\/v2\/pages\/134\/revisions"}],"predecessor-version":[{"id":302,"href":"https:\/\/www.jysm.dk\/index.php?rest_route=\/wp\/v2\/pages\/134\/revisions\/302"}],"wp:attachment":[{"href":"https:\/\/www.jysm.dk\/index.php?rest_route=%2Fwp%2Fv2%2Fmedia&parent=134"}],"curies":[{"name":"wp","href":"https:\/\/api.w.org\/{rel}","templated":true}]}}