{"id":94,"date":"2022-04-21T10:16:12","date_gmt":"2022-04-21T08:16:12","guid":{"rendered":"http:\/\/www.jysm.dk:8080\/?page_id=94"},"modified":"2022-09-12T11:05:39","modified_gmt":"2022-09-12T09:05:39","slug":"jyllinge-sejl-og-motorbaadsforening","status":"publish","type":"page","link":"https:\/\/www.jysm.dk\/","title":{"rendered":"JSM"},"content":{"rendered":"\n<h2 class=\"wp-block-heading\">Jyllinge Sejl- og Motorb\u00e5dsforening<\/h2>\n\n\n\n<p><strong>Vi tror p\u00e5, at det at v\u00e6re sejler er en livsstil, som &nbsp;dyrkes allerbedst i f\u00e6llesskab med andre.<\/strong><\/p>\n\n\n\n<p><strong>Roskilde Fjord danner rammerne omkring et sp\u00e6ndende og aktivt sejlerliv i vores forening &#8211; uanset om du er til sejl eller motor, tursejlads, er ung eller \u00e6ldre, har mange \u00e5rs erfaring p\u00e5 vandet eller \u00f8nsker at l\u00e6re at &nbsp;sejle.<\/strong><\/p>\n\n\n\n<p><strong>Vi gl\u00e6der os til at m\u00f8de dig.<\/strong><\/p>\n\n\n\n<p>Se ogs\u00e5 indhold p\u00e5 Facebook og Youtube:<\/p>\n\n\n\n<ul class=\"wp-block-social-links has-huge-icon-size is-style-logos-only is-layout-flex wp-block-social-links-is-layout-flex\"><li class=\"wp-social-link wp-social-link-facebook  wp-block-social-link\"><a href=\"https:\/\/www.facebook.com\/jyllingesejlogmotor\/\" class=\"wp-block-social-link-anchor\"><svg width=\"24\" height=\"24\" viewBox=\"0 0 24 24\" version=\"1.1\" xmlns=\"http:\/\/www.w3.org\/2000\/svg\" aria-hidden=\"true\" focusable=\"false\"><path d=\"M12 2C6.5 2 2 6.5 2 12c0 5 3.7 9.1 8.4 9.9v-7H7.9V12h2.5V9.8c0-2.5 1.5-3.9 3.8-3.9 1.1 0 2.2.2 2.2.2v2.5h-1.3c-1.2 0-1.6.8-1.6 1.6V12h2.8l-.4 2.9h-2.3v7C18.3 21.1 22 17 22 12c0-5.5-4.5-10-10-10z\"><\/path><\/svg><span class=\"wp-block-social-link-label screen-reader-text\">Facebook<\/span><\/a><\/li>\n\n<li class=\"wp-social-link wp-social-link-youtube  wp-block-social-link\"><a href=\"https:\/\/www.youtube.com\/user\/Jyllingesejlogmotor\/videos\" class=\"wp-block-social-link-anchor\"><svg width=\"24\" height=\"24\" viewBox=\"0 0 24 24\" version=\"1.1\" xmlns=\"http:\/\/www.w3.org\/2000\/svg\" aria-hidden=\"true\" focusable=\"false\"><path d=\"M21.8,8.001c0,0-0.195-1.378-0.795-1.985c-0.76-0.797-1.613-0.801-2.004-0.847c-2.799-0.202-6.997-0.202-6.997-0.202 h-0.009c0,0-4.198,0-6.997,0.202C4.608,5.216,3.756,5.22,2.995,6.016C2.395,6.623,2.2,8.001,2.2,8.001S2,9.62,2,11.238v1.517 c0,1.618,0.2,3.237,0.2,3.237s0.195,1.378,0.795,1.985c0.761,0.797,1.76,0.771,2.205,0.855c1.6,0.153,6.8,0.201,6.8,0.201 s4.203-0.006,7.001-0.209c0.391-0.047,1.243-0.051,2.004-0.847c0.6-0.607,0.795-1.985,0.795-1.985s0.2-1.618,0.2-3.237v-1.517 C22,9.62,21.8,8.001,21.8,8.001z M9.935,14.594l-0.001-5.62l5.404,2.82L9.935,14.594z\"><\/path><\/svg><span class=\"wp-block-social-link-label screen-reader-text\">YouTube<\/span><\/a><\/li><\/ul>\n\n\n\n<p><\/p>\n\n\n\n<p class=\"has-vivid-cyan-blue-color has-text-color\"><strong>Seneste nyt:<\/strong><\/p>\n\n\n\n<p>Klubben har f\u00e5et en MobilePay foreningskonto. <\/p>\n\n\n\n<figure class=\"wp-block-image size-full is-resized\"><a href=\"https:\/\/www.jysm.dk\/?page_id=117\"><img loading=\"lazy\" decoding=\"async\" src=\"https:\/\/www.jysm.dk\/wp-content\/uploads\/2022\/04\/mobilepay.png\" alt=\"\" class=\"wp-image-167\" width=\"50\" height=\"50\"\/><\/a><figcaption>MobilePay foreningskonto: 4567dw<\/figcaption><\/figure>\n\n\n\n<p> Se \u201dIndmeldelse\u201d for n\u00e6rmere information.<\/p>\n","protected":false},"excerpt":{"rendered":"<p>Jyllinge Sejl- og Motorb\u00e5dsforening Vi tror p\u00e5, at det at v\u00e6re sejler er en livsstil, som &nbsp;dyrkes allerbedst i f\u00e6llesskab med andre. Roskilde Fjord danner rammerne omkring et sp\u00e6ndende og aktivt sejlerliv i vores forening &#8211; uanset om du er til sejl eller motor, tursejlads, er ung eller \u00e6ldre, har mange \u00e5rs erfaring p\u00e5 vandet [&hellip;]<\/p>\n","protected":false},"author":1,"featured_media":98,"parent":0,"menu_order":0,"comment_status":"closed","ping_status":"closed","template":"","meta":{"footnotes":""},"class_list":["post-94","page","type-page","status-publish","has-post-thumbnail","hentry"],"_links":{"self":[{"href":"https:\/\/www.jysm.dk\/index.php?rest_route=\/wp\/v2\/pages\/94","targetHints":{"allow":["GET"]}}],"collection":[{"href":"https:\/\/www.jysm.dk\/index.php?rest_route=\/wp\/v2\/pages"}],"about":[{"href":"https:\/\/www.jysm.dk\/index.php?rest_route=\/wp\/v2\/types\/page"}],"author":[{"embeddable":true,"href":"https:\/\/www.jysm.dk\/index.php?rest_route=\/wp\/v2\/users\/1"}],"replies":[{"embeddable":true,"href":"https:\/\/www.jysm.dk\/index.php?rest_route=%2Fwp%2Fv2%2Fcomments&post=94"}],"version-history":[{"count":22,"href":"https:\/\/www.jysm.dk\/index.php?rest_route=\/wp\/v2\/pages\/94\/revisions"}],"predecessor-version":[{"id":220,"href":"https:\/\/www.jysm.dk\/index.php?rest_route=\/wp\/v2\/pages\/94\/revisions\/220"}],"wp:featuredmedia":[{"embeddable":true,"href":"https:\/\/www.jysm.dk\/index.php?rest_route=\/wp\/v2\/media\/98"}],"wp:attachment":[{"href":"https:\/\/www.jysm.dk\/index.php?rest_route=%2Fwp%2Fv2%2Fmedia&parent=94"}],"curies":[{"name":"wp","href":"https:\/\/api.w.org\/{rel}","templated":true}]}}